{"id":389,"date":"2018-02-07T16:45:22","date_gmt":"2018-02-07T15:45:22","guid":{"rendered":"https:\/\/www.tectuvation.com\/?page_id=389"},"modified":"2018-02-07T16:47:58","modified_gmt":"2018-02-07T15:47:58","slug":"it-mitarbeiter-fuer-cloudservice","status":"publish","type":"page","link":"https:\/\/www.tectuvation.com\/index.php\/it-mitarbeiter-fuer-cloudservice\/","title":{"rendered":"IT Mitarbeiter f\u00fcr Cloudservice"},"content":{"rendered":"<h1>Sie suchen nach:<\/h1>\n<p><span class=\"left\">Autowork ist ein ITK-Beratungs- und L\u00f6sungshaus. Als langj\u00e4hriger Partner von Unternehmen wie IBM Deutschland, Cisco Systems, VMware, Redhat realisieren wir ITK-Aufgaben f\u00fcr mittelst\u00e4ndische Unternehmen.<\/span><\/p>\n<p><span class=\"left\">F\u00fcr die n\u00e4chste Generation von ITK Strukturen entwickelt und betreibt die Autowork Cloud-Computing und Rechenzentrums Umgebungen.<br \/>\nWir suchen zum n\u00e4chstm\u00f6glichen Zeitpunkt eine\/n<br \/>\nMitarbeiter\/in IT-Support<br \/>\n<\/span><\/p>\n<h1><span class=\"left\">Ihre Aufgaben:<\/span><\/h1>\n<p><span class=\"left\">\u2022 Konzeption und Realisierung komplexer IT-Systeme durch Integration von Softwarekomponenten<br \/>\n\u2022 Installation, Konfiguration, Inbetriebnahme und Administration vernetzter informations- und telekommunikationstechnischer Systeme<br \/>\n\u2022 Betreuung und Betrieb von Rechenzentrumsumgebungen<br \/>\n<\/span><\/p>\n<h1><span class=\"left\">Ihr Profil:<\/span><\/h1>\n<p><span class=\"left\">\u2022 mathematisch-technisches Verst\u00e4ndnis<br \/>\n\u2022 ausgepr\u00e4gte IT-Begeisterung<br \/>\n\u2022 gute Deutsch- und Englischkenntnisse<br \/>\n\u2022 \u00fcberdurchschnittliche Lern- und Einsatzbereitschaf sowie Zuverl\u00e4ssigkeit<br \/>\n\u2022 Analyse- und Probleml\u00f6sef\u00e4higkeit<br \/>\n\u2022 Kunden- und Serviceorientierung<br \/>\n\u2022 gerne Zertifizierung im Microsoft Umfeld<br \/>\n\u2022 min 2-3 Jahre Berufserfahrung<br \/>\n<\/span><\/p>\n<p><span class=\"left\">Bitte senden Sie uns Ihren Lebenslauf per Email an Ingo M\u00fcnzer \u00fcber bewerbung@autowork.com.<\/span><\/p>\n","protected":false},"excerpt":{"rendered":"<p>Sie suchen nach: Autowork ist ein ITK-Beratungs- und L\u00f6sungshaus. Als langj\u00e4hriger Partner von Unternehmen wie IBM Deutschland, Cisco Systems, VMware, Redhat realisieren wir ITK-Aufgaben f\u00fcr mittelst\u00e4ndische Unternehmen. F\u00fcr die n\u00e4chste Generation von ITK Strukturen entwickelt und betreibt die Autowork Cloud-Computing und Rechenzentrums Umgebungen. Wir suchen zum n\u00e4chstm\u00f6glichen Zeitpunkt eine\/n Mitarbeiter\/in IT-Support Ihre Aufgaben: \u2022 Konzeption &hellip; <\/p>\n<p class=\"link-more\"><a href=\"https:\/\/www.tectuvation.com\/index.php\/it-mitarbeiter-fuer-cloudservice\/\" class=\"more-link\"><span class=\"screen-reader-text\">\u201eIT Mitarbeiter f\u00fcr Cloudservice\u201c<\/span> weiterlesen<\/a><\/p>\n","protected":false},"author":3,"featured_media":80,"parent":0,"menu_order":0,"comment_status":"closed","ping_status":"closed","template":"","meta":{"footnotes":""},"_links":{"self":[{"href":"https:\/\/www.tectuvation.com\/index.php\/wp-json\/wp\/v2\/pages\/389"}],"collection":[{"href":"https:\/\/www.tectuvation.com\/index.php\/wp-json\/wp\/v2\/pages"}],"about":[{"href":"https:\/\/www.tectuvation.com\/index.php\/wp-json\/wp\/v2\/types\/page"}],"author":[{"embeddable":true,"href":"https:\/\/www.tectuvation.com\/index.php\/wp-json\/wp\/v2\/users\/3"}],"replies":[{"embeddable":true,"href":"https:\/\/www.tectuvation.com\/index.php\/wp-json\/wp\/v2\/comments?post=389"}],"version-history":[{"count":4,"href":"https:\/\/www.tectuvation.com\/index.php\/wp-json\/wp\/v2\/pages\/389\/revisions"}],"predecessor-version":[{"id":397,"href":"https:\/\/www.tectuvation.com\/index.php\/wp-json\/wp\/v2\/pages\/389\/revisions\/397"}],"wp:featuredmedia":[{"embeddable":true,"href":"https:\/\/www.tectuvation.com\/index.php\/wp-json\/wp\/v2\/media\/80"}],"wp:attachment":[{"href":"https:\/\/www.tectuvation.com\/index.php\/wp-json\/wp\/v2\/media?parent=389"}],"curies":[{"name":"wp","href":"https:\/\/api.w.org\/{rel}","templated":true}]}}