{"id":127,"date":"2017-03-01T11:31:03","date_gmt":"2017-03-01T11:31:03","guid":{"rendered":"http:\/\/213.203.223.149\/?page_id=127"},"modified":"2022-10-14T19:08:01","modified_gmt":"2022-10-14T18:08:01","slug":"primalog-gmbh","status":"publish","type":"page","link":"https:\/\/www.tectuvation.com\/index.php\/primalog-gmbh\/","title":{"rendered":"Primalog GmbH"},"content":{"rendered":"\n<figure class=\"wp-block-image size-full\"><img loading=\"lazy\" decoding=\"async\" width=\"300\" height=\"100\" src=\"https:\/\/www.tectuvation.com\/wp-content\/uploads\/2022\/10\/Primalog-Logo_Praxis_300x60.png\" alt=\"\" class=\"wp-image-605\"\/><\/figure>\n\n\n\n<p>Die Primalog GmbH ist seit 2002 ein zuverl\u00e4ssiges Unternehmen f\u00fcr die Therapie und Weiterbildung in den Bereichen Logop\u00e4die, Sprachheilp\u00e4dagogik und Ergotherapie.<\/p>\n\n\n\n<p>In 9 Praxiseinheiten mit \u00fcber 35 fest angestellten Therapeuten in 6 St\u00e4dten stellt die Primalog einen wesentlichen Beitrag zur Versorgung der Patienten in den St\u00e4dten D\u00fcsseldorf, Neuss, Meerbusch, Hilden, Viersen und Bonn zur Verf\u00fcgung.<\/p>\n\n\n\n<h1 class=\"wp-block-heading\">Logop\u00e4die<\/h1>\n\n\n\n<p>Schwerpunkt ist die Sprachtherapie f\u00fcr St\u00f6rungsbilder wie Sprachentwickungsverz\u00f6gerung, Artikulationsst\u00f6rung, myofunktionelle St\u00f6rungen, St\u00f6rungen im Zusammenhang mit neurologischen Erkrankungen, Stimmst\u00f6rungen, Schluckst\u00f6rungen und &nbsp;Redeflu\u00dfst\u00f6rungen.<\/p>\n\n\n\n<h1 class=\"wp-block-heading\">Ergothearpie<\/h1>\n\n\n\n<p>Im Bereich der Ergotherapie stehen die St\u00f6rungsbilder wie sensomotorisch-perzeprive St\u00f6rungen, Konzentrationsst\u00f6rungen (ADHS) und psychisch funktionelle St\u00f6rungen besonders im Focus. Die Bewegungs- und Handlungsplanung im Alltag wird durch Ergotherapie unterst\u00fctzt..<\/p>\n\n\n\n<h1 class=\"wp-block-heading\">Patienten und Partner<\/h1>\n\n\n\n<p>Die \u00fcber 2000 Patienten im Jahr sch\u00e4tzen den pers\u00f6nlichen Kontakt und die Kompetente therapeutische Leistung.<\/p>\n\n\n\n<p>Partner in den Regionen sind die praktizierenden \u00c4rzte, Kliniken, Kinderg\u00e4rten Schulen und Seniorenheime.<\/p>\n\n\n\n<pre class=\"wp-block-preformatted\"><a href=\"https:\/\/www.primalog.com\">www.primalog.com<\/a><\/pre>\n","protected":false},"excerpt":{"rendered":"<p>Die Primalog GmbH ist seit 2002 ein zuverl\u00e4ssiges Unternehmen f\u00fcr die Therapie und Weiterbildung in den Bereichen Logop\u00e4die, Sprachheilp\u00e4dagogik und Ergotherapie. In 9 Praxiseinheiten mit \u00fcber 35 fest angestellten Therapeuten in 6 St\u00e4dten stellt die Primalog einen wesentlichen Beitrag zur Versorgung der Patienten in den St\u00e4dten D\u00fcsseldorf, Neuss, Meerbusch, Hilden, Viersen und Bonn zur Verf\u00fcgung. &hellip; <\/p>\n<p class=\"link-more\"><a href=\"https:\/\/www.tectuvation.com\/index.php\/primalog-gmbh\/\" class=\"more-link\"><span class=\"screen-reader-text\">\u201ePrimalog GmbH\u201c<\/span> weiterlesen<\/a><\/p>\n","protected":false},"author":3,"featured_media":607,"parent":0,"menu_order":0,"comment_status":"closed","ping_status":"closed","template":"","meta":{"footnotes":""},"_links":{"self":[{"href":"https:\/\/www.tectuvation.com\/index.php\/wp-json\/wp\/v2\/pages\/127"}],"collection":[{"href":"https:\/\/www.tectuvation.com\/index.php\/wp-json\/wp\/v2\/pages"}],"about":[{"href":"https:\/\/www.tectuvation.com\/index.php\/wp-json\/wp\/v2\/types\/page"}],"author":[{"embeddable":true,"href":"https:\/\/www.tectuvation.com\/index.php\/wp-json\/wp\/v2\/users\/3"}],"replies":[{"embeddable":true,"href":"https:\/\/www.tectuvation.com\/index.php\/wp-json\/wp\/v2\/comments?post=127"}],"version-history":[{"count":15,"href":"https:\/\/www.tectuvation.com\/index.php\/wp-json\/wp\/v2\/pages\/127\/revisions"}],"predecessor-version":[{"id":606,"href":"https:\/\/www.tectuvation.com\/index.php\/wp-json\/wp\/v2\/pages\/127\/revisions\/606"}],"wp:featuredmedia":[{"embeddable":true,"href":"https:\/\/www.tectuvation.com\/index.php\/wp-json\/wp\/v2\/media\/607"}],"wp:attachment":[{"href":"https:\/\/www.tectuvation.com\/index.php\/wp-json\/wp\/v2\/media?parent=127"}],"curies":[{"name":"wp","href":"https:\/\/api.w.org\/{rel}","templated":true}]}}