{"id":125,"date":"2017-03-01T11:28:44","date_gmt":"2017-03-01T11:28:44","guid":{"rendered":"http:\/\/213.203.223.149\/?page_id=125"},"modified":"2023-12-16T20:15:48","modified_gmt":"2023-12-16T19:15:48","slug":"autowork-management-gmbh","status":"publish","type":"page","link":"https:\/\/www.tectuvation.com\/index.php\/autowork-management-gmbh\/","title":{"rendered":"Autowork GmbH"},"content":{"rendered":"<p><img loading=\"lazy\" decoding=\"async\" class=\"alignnone wp-image-200 size-full\" src=\"https:\/\/www.tectuvation.com\/wp-content\/uploads\/2017\/03\/Autowork_vector_weiss.png\" alt=\"\" width=\"299\" height=\"130\" \/><\/p>\n<h2>Gesellschaft f\u00fcr IT Management<\/h2>\n<p>Kompetenz, Vertrauen und Qualit\u00e4t in allen Bereichen.<\/p>\n<p>Die Autowork arbeitet seit 2003 als erfolgreiches Unternehmen im Bereich IT Management. Unsere Verantwortung und Ziel ist es, dass unsere Kunden erfolgreich sind. Durch unser Know-how, unsere Dienstleistungen und IT-L\u00f6sungen erzielen unsere Kunden bessere Ergebnisse. Die Autowork ist der kompetente Full-Service Partner im IT-Segment f\u00fcr den Mittelstand.<\/p>\n<div>Ob Anforderungen als Systemhaus, als Managed Service Provider, Private Cloud Anbieter, Sicherheitsexperte oder auch Rechenzentrumsanbieter, wir konzipieren auf Ihre Bed\u00fcrfnisse, individuell ma\u00dfgeschneiderte und somit nachhaltige L\u00f6sungen.<\/div>\n<div><\/div>\n<div><\/div>\n<pre><a href=\"https:\/\/www.autowork.com\">www.autowork.com<\/a><\/pre>\n<div class=\"canvasWrapper\"><\/div>\n","protected":false},"excerpt":{"rendered":"<p>Gesellschaft f\u00fcr IT Management Kompetenz, Vertrauen und Qualit\u00e4t in allen Bereichen. Die Autowork arbeitet seit 2003 als erfolgreiches Unternehmen im Bereich IT Management. Unsere Verantwortung und Ziel ist es, dass unsere Kunden erfolgreich sind. Durch unser Know-how, unsere Dienstleistungen und IT-L\u00f6sungen erzielen unsere Kunden bessere Ergebnisse. Die Autowork ist der kompetente Full-Service Partner im IT-Segment &hellip; <\/p>\n<p class=\"link-more\"><a href=\"https:\/\/www.tectuvation.com\/index.php\/autowork-management-gmbh\/\" class=\"more-link\"><span class=\"screen-reader-text\">\u201eAutowork GmbH\u201c<\/span> weiterlesen<\/a><\/p>\n","protected":false},"author":3,"featured_media":597,"parent":0,"menu_order":0,"comment_status":"closed","ping_status":"closed","template":"","meta":{"footnotes":""},"_links":{"self":[{"href":"https:\/\/www.tectuvation.com\/index.php\/wp-json\/wp\/v2\/pages\/125"}],"collection":[{"href":"https:\/\/www.tectuvation.com\/index.php\/wp-json\/wp\/v2\/pages"}],"about":[{"href":"https:\/\/www.tectuvation.com\/index.php\/wp-json\/wp\/v2\/types\/page"}],"author":[{"embeddable":true,"href":"https:\/\/www.tectuvation.com\/index.php\/wp-json\/wp\/v2\/users\/3"}],"replies":[{"embeddable":true,"href":"https:\/\/www.tectuvation.com\/index.php\/wp-json\/wp\/v2\/comments?post=125"}],"version-history":[{"count":19,"href":"https:\/\/www.tectuvation.com\/index.php\/wp-json\/wp\/v2\/pages\/125\/revisions"}],"predecessor-version":[{"id":653,"href":"https:\/\/www.tectuvation.com\/index.php\/wp-json\/wp\/v2\/pages\/125\/revisions\/653"}],"wp:featuredmedia":[{"embeddable":true,"href":"https:\/\/www.tectuvation.com\/index.php\/wp-json\/wp\/v2\/media\/597"}],"wp:attachment":[{"href":"https:\/\/www.tectuvation.com\/index.php\/wp-json\/wp\/v2\/media?parent=125"}],"curies":[{"name":"wp","href":"https:\/\/api.w.org\/{rel}","templated":true}]}}