{"id":123,"date":"2017-03-01T11:27:50","date_gmt":"2017-03-01T11:27:50","guid":{"rendered":"http:\/\/213.203.223.149\/?page_id=123"},"modified":"2022-10-14T18:12:31","modified_gmt":"2022-10-14T17:12:31","slug":"autowork-datacenter-gmbh","status":"publish","type":"page","link":"https:\/\/www.tectuvation.com\/index.php\/autowork-datacenter-gmbh\/","title":{"rendered":"Autowork Datacenter GmbH"},"content":{"rendered":"<p><img loading=\"lazy\" decoding=\"async\" class=\"alignnone size-medium wp-image-198\" src=\"http:\/\/213.203.223.149\/wp-content\/uploads\/2017\/03\/Autowork-Logo_wawision_data-300x67.png\" alt=\"\" width=\"300\" height=\"67\" srcset=\"https:\/\/www.tectuvation.com\/wp-content\/uploads\/2017\/03\/Autowork-Logo_wawision_data-300x67.png 300w, https:\/\/www.tectuvation.com\/wp-content\/uploads\/2017\/03\/Autowork-Logo_wawision_data.png 450w\" sizes=\"(max-width: 300px) 100vw, 300px\" \/><\/p>\n<h1>Gesellschaft f\u00fcr Rechenzentrum&nbsp; und Cloudl\u00f6sungen<\/h1>\n<p>Als Serviceprovider f\u00fcr PrivateCloud-Angebote liefert die Autowork Datacenter GmbH ihren Kunden seit 11 Jahren kontinuierliche Rechenzentrumsleistungen. F\u00fcr mittelst\u00e4ndige Unternehmen in Gesundheit, Produktion und Verwaltung werden ITK Strukturen in allen Bereichen betrieben.<\/p>\n<p>Autowork liefert vom Einstiegsprodukt &#8222;Backup as a Service&#8220; bis hin zu komplexen &#8222;All IP L\u00f6sung&#8220; in der &#8222;Desktop as a Service&#8220; und der gesamte IT-Betrieb m\u00f6glich ist, diese Leistungen an seine Kunden.<\/p>\n<p>Neue IT Services lassen sich in k\u00fcrzester Zeit bereitstellen, flexibel ver\u00e4ndern und skalierbar einsetzten. Die L\u00f6sungen sind kostenorientiert und messbar, f\u00fcr Kunden und Fachabteilungen oder Unternehmensteile.<\/p>\n<p>H\u00f6chste Standards und robuste Partnerschaften mit den Markt f\u00fchrenden Technologieanbietern erlauben, eine sichere und dauerhafte, redundante Betriebsumgebung f\u00fcr den Kunden zu betreiben.<\/p>\n<p>Desasterrecovery und&nbsp;Business Continuity L\u00f6sungen geben den Kunden h\u00f6chste Datensicherheit und Verf\u00fcgbarkeit.<\/p>\n<pre><a href=\"https:\/\/www.autowork.com\">www.autowork.com<\/a><\/pre>\n<p>&nbsp;<\/p>\n","protected":false},"excerpt":{"rendered":"<p>Gesellschaft f\u00fcr Rechenzentrum&nbsp; und Cloudl\u00f6sungen Als Serviceprovider f\u00fcr PrivateCloud-Angebote liefert die Autowork Datacenter GmbH ihren Kunden seit 11 Jahren kontinuierliche Rechenzentrumsleistungen. F\u00fcr mittelst\u00e4ndige Unternehmen in Gesundheit, Produktion und Verwaltung werden ITK Strukturen in allen Bereichen betrieben. Autowork liefert vom Einstiegsprodukt &#8222;Backup as a Service&#8220; bis hin zu komplexen &#8222;All IP L\u00f6sung&#8220; in der &#8222;Desktop as &hellip; <\/p>\n<p class=\"link-more\"><a href=\"https:\/\/www.tectuvation.com\/index.php\/autowork-datacenter-gmbh\/\" class=\"more-link\"><span class=\"screen-reader-text\">\u201eAutowork Datacenter GmbH\u201c<\/span> weiterlesen<\/a><\/p>\n","protected":false},"author":3,"featured_media":591,"parent":0,"menu_order":0,"comment_status":"closed","ping_status":"closed","template":"","meta":{"footnotes":""},"_links":{"self":[{"href":"https:\/\/www.tectuvation.com\/index.php\/wp-json\/wp\/v2\/pages\/123"}],"collection":[{"href":"https:\/\/www.tectuvation.com\/index.php\/wp-json\/wp\/v2\/pages"}],"about":[{"href":"https:\/\/www.tectuvation.com\/index.php\/wp-json\/wp\/v2\/types\/page"}],"author":[{"embeddable":true,"href":"https:\/\/www.tectuvation.com\/index.php\/wp-json\/wp\/v2\/users\/3"}],"replies":[{"embeddable":true,"href":"https:\/\/www.tectuvation.com\/index.php\/wp-json\/wp\/v2\/comments?post=123"}],"version-history":[{"count":11,"href":"https:\/\/www.tectuvation.com\/index.php\/wp-json\/wp\/v2\/pages\/123\/revisions"}],"predecessor-version":[{"id":593,"href":"https:\/\/www.tectuvation.com\/index.php\/wp-json\/wp\/v2\/pages\/123\/revisions\/593"}],"wp:featuredmedia":[{"embeddable":true,"href":"https:\/\/www.tectuvation.com\/index.php\/wp-json\/wp\/v2\/media\/591"}],"wp:attachment":[{"href":"https:\/\/www.tectuvation.com\/index.php\/wp-json\/wp\/v2\/media?parent=123"}],"curies":[{"name":"wp","href":"https:\/\/api.w.org\/{rel}","templated":true}]}}